{"id":1931,"date":"2021-05-11T08:07:02","date_gmt":"2021-05-11T08:07:02","guid":{"rendered":"http:\/\/www.nicdarkthemes.com\/themes\/seafood\/wp\/demo\/restaurant\/?post_type=product&#038;p=1931"},"modified":"2025-03-31T02:20:08","modified_gmt":"2025-03-31T02:20:08","slug":"franciaagyas","status":"publish","type":"product","link":"https:\/\/hoteldam.eu\/en\/product\/franciaagyas\/","title":{"rendered":"Francia\u00e1gyas szoba"},"content":{"rendered":"<p>Francia\u00e1gyas szoba 2 f\u0151 r\u00e9sz\u00e9re. A szoba erk\u00e9lyes,<\/p>\n<p>&nbsp;<\/p>\n<p>Felszerelts\u00e9g: Led TV, H\u0171t\u0151, L\u00e9gkondi, Hajsz\u00e1r\u00edt\u00f3, WiFi, zuhanyoz\u00f3s f\u00fcrd\u0151szoba<\/p>\n<p>Ig\u00e9ny eset\u00e9n baba\u00e1gy bek\u00e9sz\u00edt\u00e9s lehets\u00e9ges.<\/p>","protected":false},"excerpt":{"rendered":"<p>Francia\u00e1gyas szoba 2 f\u0151 r\u00e9sz\u00e9re. A szoba erk\u00e9lyes,<\/p>\n<p>&nbsp;<\/p>\n<p>Felszerelts\u00e9g: Led TV, H\u0171t\u0151, L\u00e9gkondi, Hajsz\u00e1r\u00edt\u00f3, WiFi, zuhanyoz\u00f3s f\u00fcrd\u0151szoba<\/p>\n<p>Ig\u00e9ny eset\u00e9n baba\u00e1gy bek\u00e9sz\u00edt\u00e9s lehets\u00e9ges.<\/p>","protected":false},"featured_media":7176,"comment_status":"open","ping_status":"closed","template":"","meta":{"_monsterinsights_skip_tracking":false,"_monsterinsights_sitenote_active":false,"_monsterinsights_sitenote_note":"","_monsterinsights_sitenote_category":0},"product_cat":[28],"product_tag":[25],"class_list":["post-1931","product","type-product","status-publish","has-post-thumbnail","hentry","product_cat-suites","product_tag-hotel"],"aioseo_notices":[],"_links":{"self":[{"href":"https:\/\/hoteldam.eu\/en\/wp-json\/wp\/v2\/product\/1931","targetHints":{"allow":["GET"]}}],"collection":[{"href":"https:\/\/hoteldam.eu\/en\/wp-json\/wp\/v2\/product"}],"about":[{"href":"https:\/\/hoteldam.eu\/en\/wp-json\/wp\/v2\/types\/product"}],"replies":[{"embeddable":true,"href":"https:\/\/hoteldam.eu\/en\/wp-json\/wp\/v2\/comments?post=1931"}],"wp:featuredmedia":[{"embeddable":true,"href":"https:\/\/hoteldam.eu\/en\/wp-json\/wp\/v2\/media\/7176"}],"wp:attachment":[{"href":"https:\/\/hoteldam.eu\/en\/wp-json\/wp\/v2\/media?parent=1931"}],"wp:term":[{"taxonomy":"product_cat","embeddable":true,"href":"https:\/\/hoteldam.eu\/en\/wp-json\/wp\/v2\/product_cat?post=1931"},{"taxonomy":"product_tag","embeddable":true,"href":"https:\/\/hoteldam.eu\/en\/wp-json\/wp\/v2\/product_tag?post=1931"}],"curies":[{"name":"wp","href":"https:\/\/api.w.org\/{rel}","templated":true}]}}